{"id":241,"date":"2014-11-19T12:54:11","date_gmt":"2014-11-19T20:54:11","guid":{"rendered":"http:\/\/bluby.com\/dev\/ggi\/?page_id=241"},"modified":"2015-12-14T22:49:45","modified_gmt":"2015-12-15T06:49:45","slug":"home","status":"publish","type":"page","link":"https:\/\/goodbyegraffiti.com\/french\/","title":{"rendered":"Page d&#8217;accueil"},"content":{"rendered":"<div id='layer_slider_1'  class='avia-layerslider main_color avia-shadow  avia-builder-el-0  el_before_av_textblock  avia-builder-el-first  container_wrap fullsize'  style='height: 326px;'  ><\/div><div id='after_layer_slider_1'  class='main_color av_default_container_wrap container_wrap fullsize'  ><div class='container av-section-cont-open' ><div class='template-page content  av-content-full alpha units'><div class='post-entry post-entry-type-page post-entry-241'><div class='entry-content-wrapper clearfix'>\n<section  class='av_textblock_section av-av_textblock-0366cc7376be6c9e82a3e9cc8987b64f '   itemscope=\"itemscope\" itemtype=\"https:\/\/schema.org\/CreativeWork\" ><div class='avia_textblock'  itemprop=\"text\" ><p> <span style=\"font-size: 18pt;\">D\u00e9sol\u00e9. Ce site est en construction pour l&#8217;instant. Veuillez contacter le service \u00e0 la client\u00e8le au <a href=\"tel:514-394-9444\" target=\"_blank\" rel=\"noopener\">514-394-9444<\/a> ou par courriel\u00a0<a href=\"mailto:montreal@goodbyegraffiti.com\" target=\"_blank\" rel=\"noopener\">montreal@goodbyegraffiti.com<\/a><\/span> <\/p>\n<\/div><\/section>\n","protected":false},"excerpt":{"rendered":"","protected":false},"author":1,"featured_media":0,"parent":0,"menu_order":0,"comment_status":"closed","ping_status":"closed","template":"","meta":[],"_links":{"self":[{"href":"https:\/\/goodbyegraffiti.com\/french\/wp-json\/wp\/v2\/pages\/241"}],"collection":[{"href":"https:\/\/goodbyegraffiti.com\/french\/wp-json\/wp\/v2\/pages"}],"about":[{"href":"https:\/\/goodbyegraffiti.com\/french\/wp-json\/wp\/v2\/types\/page"}],"author":[{"embeddable":true,"href":"https:\/\/goodbyegraffiti.com\/french\/wp-json\/wp\/v2\/users\/1"}],"replies":[{"embeddable":true,"href":"https:\/\/goodbyegraffiti.com\/french\/wp-json\/wp\/v2\/comments?post=241"}],"version-history":[{"count":66,"href":"https:\/\/goodbyegraffiti.com\/french\/wp-json\/wp\/v2\/pages\/241\/revisions"}],"predecessor-version":[{"id":789,"href":"https:\/\/goodbyegraffiti.com\/french\/wp-json\/wp\/v2\/pages\/241\/revisions\/789"}],"wp:attachment":[{"href":"https:\/\/goodbyegraffiti.com\/french\/wp-json\/wp\/v2\/media?parent=241"}],"curies":[{"name":"wp","href":"https:\/\/api.w.org\/{rel}","templated":true}]}}