{"id":698,"date":"2015-12-08T12:29:55","date_gmt":"2015-12-08T20:29:55","guid":{"rendered":"http:\/\/goodbyegraffiti.com\/french\/?page_id=698"},"modified":"2015-12-14T12:44:40","modified_gmt":"2015-12-14T20:44:40","slug":"about","status":"publish","type":"page","link":"https:\/\/goodbyegraffiti.com\/french\/about\/","title":{"rendered":"A propos"},"content":{"rendered":"<article  class='iconbox iconbox_top av-av_icon_box-b382a1b698ae8690f29167baa0300e72  avia-builder-el-0  el_before_av_textblock  avia-builder-el-first  main_color'  itemscope=\"itemscope\" itemtype=\"https:\/\/schema.org\/CreativeWork\" ><div class=\"iconbox_content\"><header class=\"entry-content-header\"><div class=\"iconbox_icon heading-color\" aria-hidden='true' data-av_icon='\ue84e' data-av_iconfont='entypo-fontello'><\/div><h3 class='iconbox_content_title '  itemprop=\"headline\" >A propos de Goodbye Graffiti\u2122<\/h3><\/header><div class='iconbox_content_container '  itemprop=\"text\" ><\/div><\/div><footer class=\"entry-footer\"><\/footer><\/article>\n<section  class='av_textblock_section av-av_textblock-0366cc7376be6c9e82a3e9cc8987b64f '   itemscope=\"itemscope\" itemtype=\"https:\/\/schema.org\/CreativeWork\" ><div class='avia_textblock'  itemprop=\"text\" ><p> <span style=\"font-size: 12pt;\"><div  class='hr av-av_hr-bad5bc90bcef2f12297bff634a297b07 hr-short  avia-builder-el-2  avia-builder-el-no-sibling  hr-center'><span class='hr-inner '><span class=\"hr-inner-style\"><\/span><\/span><\/div><\/span><\/p>\n<p><span style=\"font-size: 12pt;\"><span class='av_dropcap2 av-av_dropcap2-bd3e2e98007e8df5c1bbaff1392a902e'>G<\/span>oodbye Graffiti\u2122 Inc. a d\u00e9but\u00e9 \u00e0 Vancouver, Canada, en 1997. Nous \u00e9tions alors la premi\u00e8re compagnie Nord-Am\u00e9ricaine d\u2019\u00e9limination de graffitis. Presque vingt ans plus tard, nous sommes devenus la plus grande compagnie au monde. Nous sommes \u00e0 pr\u00e9sent les experts de l\u2019enl\u00e8vement de graffitis, peu importe l\u2019endroit et le type de surface endommag\u00e9s.<\/span><\/p>\n<p><span style=\"font-size: 12pt;\">Gr\u00e2ce \u00e0 un investissement de 3,5 millions de dollars dans la recherche et le d\u00e9veloppement, nous avons pu mettre au point un programme exclusif d\u2019entretien contre les graffitis \u00e0 z\u00e9ro impact, une ligne compl\u00e8te de produits anti-graffitis et un logiciel op\u00e9rationnel appel\u00e9 GraffLinx\u2122. Nous offrons des opportunit\u00e9s de franchise dans tout le Canada et aux \u00c9tats-Unis.<\/span><\/p>\n<p><span style=\"font-size: 12pt;\">Pr\u00e9curseurs des m\u00e9thodes Scratchiti\u2122 et Etchiti\u2122 de nettoyage du verre, nous avons permis \u00e0 nos clients de sauvegarder des milliers de pieds carr\u00e9s de verre par mois.<\/span><\/p>\n<p><span style=\"font-size: 12pt;\">Notre \u00e9quipe se compose d\u2019un service vente et franchise, de marketeurs professionnels, de chimistes et de Techniciens en graffiti certifi\u00e9s. Nous avons embrass\u00e9 un succ\u00e8s fulgurant et progressons \u00e0 un rythme incroyable. Nous sommes en train de r\u00e9volutionner une industrie traditionnelle domin\u00e9e par des m\u00e9thodes peu fiables, des produits non \u00e9prouv\u00e9s et des syst\u00e8mes m\u00e9diocres.<\/span><\/p>\n<p><span style=\"font-size: 12pt;\">Goodbye Graffiti\u2122 Inc. est fier de vous offrir, en premi\u00e8re mondiale, une franchise cl\u00e9s-en-main dans le secteur de l\u2019enl\u00e8vement de graffitis.<\/span><\/p>\n<p><span style=\"font-size: 12pt;\">En tant qu\u2019expert mondial de ce march\u00e9 de niche en pleine expansion, nous avons particip\u00e9 de plusieurs fa\u00e7ons \u00e0 la cr\u00e9ation d\u2019une nouvelle industrie. Depuis sa cr\u00e9ation en 1977, le syst\u00e8me de Goodbye Graffiti\u2122 s\u2019est montr\u00e9 efficace dans la g\u00e9n\u00e9ration d\u2019un flux de tr\u00e9sorerie mensuel solide, d\u2019une croissance continue et de b\u00e9n\u00e9fices de taille. Gr\u00e2ce \u00e0 l\u2019utilisation de nos produits exclusifs d\u2019enl\u00e8vement de graffitis, de notre structure de vente et de notre syst\u00e8me sp\u00e9cialis\u00e9 d\u2019entretien Ever-Clean, ce march\u00e9 pratiquement inexploit\u00e9 et \u00e0 port\u00e9e de main.<\/span> <\/p>\n<\/div><\/section>\n<div  class='av_promobox av-av_promobox-1112c7fe9b2aaf321e248c91b820ef9c avia-button-yes  avia-builder-el-3  el_after_av_textblock  avia-builder-el-last '><div class='avia-promocontent'><p> <span style=\"font-size: 12pt;\">Pour plus d&#8217;informations sur nos services et les opportunit\u00e9s de franchise, veuillez contacter :<\/span><\/p>\n<p><span style=\"font-size: 12pt;\">877- 684-4747 <\/span><\/p>\n<p><span style=\"font-size: 12pt;\">customercarecentre@goodbyegraffiti.com<\/span><\/p>\n<\/div><div  class='avia-button-wrap av-av_button-45c71a4ac1d1b21cd70349e424c6a749-wrap avia-button-right '><a href='https:\/\/goodbyegraffiti.com\/french\/about\/'  class='avia-button av-av_button-45c71a4ac1d1b21cd70349e424c6a749 avia-icon_select-no avia-size-large avia-position-right avia-color-theme-color'  ><span class='avia_iconbox_title' >Contactez-nous<\/span><\/a><\/div><\/div>\n","protected":false},"excerpt":{"rendered":"","protected":false},"author":1,"featured_media":0,"parent":0,"menu_order":0,"comment_status":"closed","ping_status":"closed","template":"","meta":[],"_links":{"self":[{"href":"https:\/\/goodbyegraffiti.com\/french\/wp-json\/wp\/v2\/pages\/698"}],"collection":[{"href":"https:\/\/goodbyegraffiti.com\/french\/wp-json\/wp\/v2\/pages"}],"about":[{"href":"https:\/\/goodbyegraffiti.com\/french\/wp-json\/wp\/v2\/types\/page"}],"author":[{"embeddable":true,"href":"https:\/\/goodbyegraffiti.com\/french\/wp-json\/wp\/v2\/users\/1"}],"replies":[{"embeddable":true,"href":"https:\/\/goodbyegraffiti.com\/french\/wp-json\/wp\/v2\/comments?post=698"}],"version-history":[{"count":9,"href":"https:\/\/goodbyegraffiti.com\/french\/wp-json\/wp\/v2\/pages\/698\/revisions"}],"predecessor-version":[{"id":786,"href":"https:\/\/goodbyegraffiti.com\/french\/wp-json\/wp\/v2\/pages\/698\/revisions\/786"}],"wp:attachment":[{"href":"https:\/\/goodbyegraffiti.com\/french\/wp-json\/wp\/v2\/media?parent=698"}],"curies":[{"name":"wp","href":"https:\/\/api.w.org\/{rel}","templated":true}]}}