{"id":702,"date":"2015-12-08T12:32:30","date_gmt":"2015-12-08T20:32:30","guid":{"rendered":"http:\/\/goodbyegraffiti.com\/french\/?page_id=702"},"modified":"2015-12-14T12:44:30","modified_gmt":"2015-12-14T20:44:30","slug":"scratchiti-and-etchiti","status":"publish","type":"page","link":"https:\/\/goodbyegraffiti.com\/french\/scratchiti-and-etchiti\/","title":{"rendered":"Scratchiti\u2122 et Etchiti\u2122"},"content":{"rendered":"<article  class='iconbox iconbox_top av-av_icon_box-83d0ed5a8273657285a148f3681b2bc8  avia-builder-el-0  el_before_av_textblock  avia-builder-el-first  main_color'  itemscope=\"itemscope\" itemtype=\"https:\/\/schema.org\/CreativeWork\" ><div class=\"iconbox_content\"><header class=\"entry-content-header\"><div class=\"iconbox_icon heading-color\" aria-hidden='true' data-av_icon='\ue856' data-av_iconfont='entypo-fontello'><\/div><h3 class='iconbox_content_title '  itemprop=\"headline\" >Scratchiti\u2122 et Etchiti\u2122<\/h3><\/header><div class='iconbox_content_container '  itemprop=\"text\" ><\/div><\/div><footer class=\"entry-footer\"><\/footer><\/article>\n<section  class='av_textblock_section av-av_textblock-0366cc7376be6c9e82a3e9cc8987b64f '   itemscope=\"itemscope\" itemtype=\"https:\/\/schema.org\/CreativeWork\" ><div class='avia_textblock'  itemprop=\"text\" ><p> <span class='av_dropcap2 av-av_dropcap2-bd3e2e98007e8df5c1bbaff1392a902e'>G<\/span>oodbye Graffiti\u2122 peut\u00a0r\u00e9parer les vitres\u00a0ray\u00e9es et engrav\u00e9es pour seulement une fraction du co\u00fbt de leur remplacement. Les vitres sont\u00a0ray\u00e9es lorsqu&#8217;un\u00a0graffeur utilise un objet pointu (par exemple une bougie d&#8217;allumage, des m\u00e8ches en m\u00e9tal, des cl\u00e9s etc.) pour endommager une surface en verre. \u00a0Un guidon de v\u00e9lo, certains bijoux et autres objets peuvent \u00e9galement abimer une vitre. Pour graver une vitre, les\u00a0graffeurs mettent une cr\u00e8me d&#8217;engravement\u00a0du verre\u00a0\u00e0\u00a0l&#8217;int\u00e9rieur d&#8217;un applicateur (par exemple un tampon a bingo) et\u00a0l&#8217;utilisent pour \u00e9crire sur la vitre. Dans le pass\u00e9, ce type de vandalisme n\u00e9cessitait le remplacement complet de la vitre. Maintenant, gr\u00e2ce\u00a0\u00e0\u00a0une recherche extensive et de multiples tests pratiques, nous\u00a0pouvons \u00e9liminer les rayures et les gravure et rendre\u00a0\u00e0\u00a0votre vitre sa teinte et son aspect originale.<\/p>\n<p>Ce proc\u00e9d\u00e9 est id\u00e9al pour les abris routiers et gares, les centres commerciaux et magasins, les accueils de bureaux, les fa\u00e7ades des banques et les bijouteries. Les \u00e9conomies\u00a0peuvent \u00eatre\u00a0consid\u00e9rables si vous \u00e9vitez le remplacement d&#8217;une grande plaque de vitrage \u00e9pais ou d&#8217;un verre de s\u00e9curit\u00e9. Ce nouveau type de graffiti est r\u00e9pandu\u00a0\u00e0 cause de\u00a0ses effets que les vandales consid\u00e8rent non-r\u00e9versibles.<\/p>\n<p>Pr\u00e9vention future&#8230;<\/p>\n<p>Nous avons d\u00e9velopp\u00e9\u00a0Scratchiti\u2122 Stop Security Film pour prot\u00e9ger\u00a0vos vitres contre\u00a0Scratchiti\u2122 and Etchiti\u2122, tout en b\u00e9n\u00e9ficiant d&#8217;un film de protection traditionnel. Ainsi, si votre vitre est\u00a0endommag\u00e9e, le film peut \u00eatre rapidement remplac\u00e9\u00a0en une fraction du co\u00fbt\u00a0d&#8217;un remplacement de vitre. <\/p>\n<\/div><\/section>\n<div  class='av_promobox av-av_promobox-1112c7fe9b2aaf321e248c91b820ef9c avia-button-yes  avia-builder-el-2  el_after_av_textblock  avia-builder-el-last '><div class='avia-promocontent'><p> Pour plus d&#8217;informations sur la r\u00e9paration de vitres\u00a0et\/ou Scratchiti\u2122 Stop Security Film, veuillez contacter\u00a0notre service\u00a0\u00e0\u00a0la client\u00e8le :<\/p>\n<p>(877) 684-47474<\/p>\n<p><a href=\"mailto:customercarecentre@goodbyegraffiti.com\">customercarecentre@goodbyegraffiti.com<\/a><\/p>\n<\/div><div  class='avia-button-wrap av-av_button-45c71a4ac1d1b21cd70349e424c6a749-wrap avia-button-right '><a href='https:\/\/goodbyegraffiti.com\/french\/about\/'  class='avia-button av-av_button-45c71a4ac1d1b21cd70349e424c6a749 avia-icon_select-no avia-size-large avia-position-right avia-color-theme-color'  ><span class='avia_iconbox_title' >Contactez-nous<\/span><\/a><\/div><\/div>\n","protected":false},"excerpt":{"rendered":"","protected":false},"author":1,"featured_media":0,"parent":0,"menu_order":0,"comment_status":"closed","ping_status":"closed","template":"","meta":[],"_links":{"self":[{"href":"https:\/\/goodbyegraffiti.com\/french\/wp-json\/wp\/v2\/pages\/702"}],"collection":[{"href":"https:\/\/goodbyegraffiti.com\/french\/wp-json\/wp\/v2\/pages"}],"about":[{"href":"https:\/\/goodbyegraffiti.com\/french\/wp-json\/wp\/v2\/types\/page"}],"author":[{"embeddable":true,"href":"https:\/\/goodbyegraffiti.com\/french\/wp-json\/wp\/v2\/users\/1"}],"replies":[{"embeddable":true,"href":"https:\/\/goodbyegraffiti.com\/french\/wp-json\/wp\/v2\/comments?post=702"}],"version-history":[{"count":4,"href":"https:\/\/goodbyegraffiti.com\/french\/wp-json\/wp\/v2\/pages\/702\/revisions"}],"predecessor-version":[{"id":792,"href":"https:\/\/goodbyegraffiti.com\/french\/wp-json\/wp\/v2\/pages\/702\/revisions\/792"}],"wp:attachment":[{"href":"https:\/\/goodbyegraffiti.com\/french\/wp-json\/wp\/v2\/media?parent=702"}],"curies":[{"name":"wp","href":"https:\/\/api.w.org\/{rel}","templated":true}]}}