{"id":706,"date":"2015-12-08T12:34:09","date_gmt":"2015-12-08T20:34:09","guid":{"rendered":"http:\/\/goodbyegraffiti.com\/french\/?page_id=706"},"modified":"2015-12-14T12:09:15","modified_gmt":"2015-12-14T20:09:15","slug":"graffwrap","status":"publish","type":"page","link":"https:\/\/goodbyegraffiti.com\/french\/graffwrap\/","title":{"rendered":"GraffWrap\u2122"},"content":{"rendered":"<article  class='iconbox iconbox_top av-av_icon_box-c01a1ca54560d09a89b736551247f100  avia-builder-el-0  el_before_av_textblock  avia-builder-el-first  main_color'  itemscope=\"itemscope\" itemtype=\"https:\/\/schema.org\/CreativeWork\" ><div class=\"iconbox_content\"><header class=\"entry-content-header\"><div class=\"iconbox_icon heading-color\" aria-hidden='true' data-av_icon='\ue90a' data-av_iconfont='entypo-fontello'><\/div><h3 class='iconbox_content_title '  itemprop=\"headline\" >GraffWrap\u2122<\/h3><\/header><div class='iconbox_content_container '  itemprop=\"text\" ><\/div><\/div><footer class=\"entry-footer\"><\/footer><\/article>\n<section  class='av_textblock_section av-av_textblock-0366cc7376be6c9e82a3e9cc8987b64f '   itemscope=\"itemscope\" itemtype=\"https:\/\/schema.org\/CreativeWork\" ><div class='avia_textblock'  itemprop=\"text\" ><p> <span style=\"font-size: 12pt;\"><span class='av_dropcap2 av-av_dropcap2-bd3e2e98007e8df5c1bbaff1392a902e'>L<\/span>a pierre angulaire de tout projet urbain durable d\u2019embellissement est le programme GraffWrap\u2122 de Goodbye Graffiti\u2122. En enveloppant vos \u00e9quipements urbain d\u2019une protection vinyle de force majeure, vous embellirez instantan\u00e9ment la zone concern\u00e9e, r\u00e9duirez les risques de graffiti, pr\u00e9serverez ces \u00e9quipements et diminuerez les couts d\u2019entretien dans le long terme.<\/span><\/p>\n<p><span style=\"font-size: 12pt;\">Que vous poss\u00e9diez une ou 20 000 pi\u00e8ces d\u2019\u00e9quipement, il y a un type d\u2019installation et un programme de pr\u00e9servation qui est fait pour vous. Les motifs faits sur mesure peuvent se fondre dans le patrimoine, afficher un message important, faire la publicit\u00e9 d\u2019un \u00e9v\u00e8nement, \u00a0promouvoir un artiste local ou un programme artistique pour enfants, tout en ayant un impact positif sur les passants. Le programme Ever-Clean, offert exclusivement par Goodbye Graffiti\u2122, vous garantit de garder toutes vos installations exemptes de graffitis pour toujours.<\/span> <\/p>\n<\/div><\/section>\n\n<style type=\"text\/css\" data-created_by=\"avia_inline_auto\" id=\"style-css-av-av_image-2a2068281f8e7aa0848fc43d750da60f\">\n.avia-image-container.av-av_image-2a2068281f8e7aa0848fc43d750da60f img.avia_image{\nbox-shadow:none;\n}\n.avia-image-container.av-av_image-2a2068281f8e7aa0848fc43d750da60f .av-image-caption-overlay-center{\ncolor:#ffffff;\n}\n<\/style>\n<div  class='avia-image-container av-av_image-2a2068281f8e7aa0848fc43d750da60f av-styling- avia-align-left  avia-builder-el-2  el_after_av_textblock  el_before_av_image '   itemprop=\"image\" itemscope=\"itemscope\" itemtype=\"https:\/\/schema.org\/ImageObject\" ><div class=\"avia-image-container-inner\"><div class=\"avia-image-overlay-wrap\"><img decoding=\"async\" class='wp-image-603 avia-img-lazy-loading-not-603 avia_image ' src=\"https:\/\/goodbyegraffiti.com\/french\/wp-content\/uploads\/2014\/11\/Graffwrap1.jpg\" alt='' title='Graffwrap1'  height=\"385\" width=\"499\"  itemprop=\"thumbnailUrl\" srcset=\"https:\/\/goodbyegraffiti.com\/french\/wp-content\/uploads\/2014\/11\/Graffwrap1.jpg 499w, https:\/\/goodbyegraffiti.com\/french\/wp-content\/uploads\/2014\/11\/Graffwrap1-300x231.jpg 300w, https:\/\/goodbyegraffiti.com\/french\/wp-content\/uploads\/2014\/11\/Graffwrap1-450x347.jpg 450w\" sizes=\"(max-width: 499px) 100vw, 499px\" \/><\/div><\/div><\/div>\n\n<style type=\"text\/css\" data-created_by=\"avia_inline_auto\" id=\"style-css-av-av_image-5164307da0228fee44c822167aabab4a\">\n.avia-image-container.av-av_image-5164307da0228fee44c822167aabab4a img.avia_image{\nbox-shadow:none;\n}\n.avia-image-container.av-av_image-5164307da0228fee44c822167aabab4a .av-image-caption-overlay-center{\ncolor:#ffffff;\n}\n<\/style>\n<div  class='avia-image-container av-av_image-5164307da0228fee44c822167aabab4a av-styling- avia-align-left  avia-builder-el-3  el_after_av_image  avia-builder-el-last '   itemprop=\"image\" itemscope=\"itemscope\" itemtype=\"https:\/\/schema.org\/ImageObject\" ><div class=\"avia-image-container-inner\"><div class=\"avia-image-overlay-wrap\"><img decoding=\"async\" class='wp-image-601 avia-img-lazy-loading-not-601 avia_image ' src=\"https:\/\/goodbyegraffiti.com\/french\/wp-content\/uploads\/2014\/11\/Graffwrap3.png\" alt='' title='Graffwrap3'  height=\"387\" width=\"244\"  itemprop=\"thumbnailUrl\" srcset=\"https:\/\/goodbyegraffiti.com\/french\/wp-content\/uploads\/2014\/11\/Graffwrap3.png 244w, https:\/\/goodbyegraffiti.com\/french\/wp-content\/uploads\/2014\/11\/Graffwrap3-189x300.png 189w\" sizes=\"(max-width: 244px) 100vw, 244px\" \/><\/div><\/div><\/div>\n","protected":false},"excerpt":{"rendered":"","protected":false},"author":1,"featured_media":0,"parent":0,"menu_order":0,"comment_status":"closed","ping_status":"closed","template":"","meta":[],"_links":{"self":[{"href":"https:\/\/goodbyegraffiti.com\/french\/wp-json\/wp\/v2\/pages\/706"}],"collection":[{"href":"https:\/\/goodbyegraffiti.com\/french\/wp-json\/wp\/v2\/pages"}],"about":[{"href":"https:\/\/goodbyegraffiti.com\/french\/wp-json\/wp\/v2\/types\/page"}],"author":[{"embeddable":true,"href":"https:\/\/goodbyegraffiti.com\/french\/wp-json\/wp\/v2\/users\/1"}],"replies":[{"embeddable":true,"href":"https:\/\/goodbyegraffiti.com\/french\/wp-json\/wp\/v2\/comments?post=706"}],"version-history":[{"count":3,"href":"https:\/\/goodbyegraffiti.com\/french\/wp-json\/wp\/v2\/pages\/706\/revisions"}],"predecessor-version":[{"id":782,"href":"https:\/\/goodbyegraffiti.com\/french\/wp-json\/wp\/v2\/pages\/706\/revisions\/782"}],"wp:attachment":[{"href":"https:\/\/goodbyegraffiti.com\/french\/wp-json\/wp\/v2\/media?parent=706"}],"curies":[{"name":"wp","href":"https:\/\/api.w.org\/{rel}","templated":true}]}}