{"id":708,"date":"2015-12-08T12:34:44","date_gmt":"2015-12-08T20:34:44","guid":{"rendered":"http:\/\/goodbyegraffiti.com\/french\/?page_id=708"},"modified":"2015-12-14T12:35:21","modified_gmt":"2015-12-14T20:35:21","slug":"anti-graffiti-coating","status":"publish","type":"page","link":"https:\/\/goodbyegraffiti.com\/french\/anti-graffiti-coating\/","title":{"rendered":"Rev\u00eatement  anti-graffiti"},"content":{"rendered":"<article  class='iconbox iconbox_top av-av_icon_box-f22b707112a813c78986a8208a811280  avia-builder-el-0  el_before_av_textblock  avia-builder-el-first  main_color'  itemscope=\"itemscope\" itemtype=\"https:\/\/schema.org\/CreativeWork\" ><div class=\"iconbox_content\"><header class=\"entry-content-header\"><div class=\"iconbox_icon heading-color\" aria-hidden='true' data-av_icon='\ue8cd' data-av_iconfont='entypo-fontello'><\/div><h3 class='iconbox_content_title '  itemprop=\"headline\" >Rev\u00eatement anti-graffiti<\/h3><\/header><div class='iconbox_content_container '  itemprop=\"text\" ><\/div><\/div><footer class=\"entry-footer\"><\/footer><\/article>\n<section  class='av_textblock_section av-av_textblock-0366cc7376be6c9e82a3e9cc8987b64f '   itemscope=\"itemscope\" itemtype=\"https:\/\/schema.org\/CreativeWork\" ><div class='avia_textblock'  itemprop=\"text\" ><p> <span style=\"font-size: 12pt;\"><span class='av_dropcap2 av-av_dropcap2-bd3e2e98007e8df5c1bbaff1392a902e'>G<\/span>r\u00e2ce \u00e0 de nombreux tests et applications pratiques, nous avons pu d\u00e9velopper un rev\u00eatement hydrique toute surface prim\u00e9, appel\u00e9 GP1000. Ce rev\u00eatement est appliqu\u00e9 au support \u00e0 l\u2019aide d\u2019un torchon, d\u2019un pinceau ou d\u2019un rouleau, et est invisible apr\u00e8s s\u00e9chage. Ce produit nous permet d\u2019enlever les graffitis sans l\u2019aide de compos\u00e9s chimiques ou abrasifs, apr\u00e8s quoi il nous suffit de repasser une couche de rev\u00eatement sur la zone affect\u00e9e. Ce processus \u00ab\u00a0z\u00e9ro impact\u00a0\u00bb est non-destructif, respectueux de l\u2019environnement et peu cher.<\/span><\/p>\n<p><span style=\"font-size: 12pt;\">Cette approche douce et non-destructive est id\u00e9ale pour les \u00e9difices du patrimoine, les monuments et toutes les surfaces de valeur.<\/span><\/p>\n<p><span style=\"font-size: 12pt;\">GP1000 est enti\u00e8rement r\u00e9versible et peut \u00eatre \u00e9limin\u00e9 facilement \u00e0 l\u2019eau chaude si besoin. C\u2019est un moyen abordable de prot\u00e9ger l\u2019ext\u00e9rieur de votre b\u00e2timent pendant 3 \u00e0 5 ans.<\/span><\/p>\n<p><span style=\"font-size: 12pt;\">Ce produit est fait au Canada et a d\u00e9j\u00e0 \u00e9t\u00e9 utilis\u00e9 sur plus de 1 000 000 pieds carr\u00e9s de surface \u00e0 travers le Canada et les \u00c9tats-Unis.<\/span> <\/p>\n<\/div><\/section>\n","protected":false},"excerpt":{"rendered":"","protected":false},"author":1,"featured_media":0,"parent":0,"menu_order":0,"comment_status":"closed","ping_status":"closed","template":"","meta":[],"_links":{"self":[{"href":"https:\/\/goodbyegraffiti.com\/french\/wp-json\/wp\/v2\/pages\/708"}],"collection":[{"href":"https:\/\/goodbyegraffiti.com\/french\/wp-json\/wp\/v2\/pages"}],"about":[{"href":"https:\/\/goodbyegraffiti.com\/french\/wp-json\/wp\/v2\/types\/page"}],"author":[{"embeddable":true,"href":"https:\/\/goodbyegraffiti.com\/french\/wp-json\/wp\/v2\/users\/1"}],"replies":[{"embeddable":true,"href":"https:\/\/goodbyegraffiti.com\/french\/wp-json\/wp\/v2\/comments?post=708"}],"version-history":[{"count":4,"href":"https:\/\/goodbyegraffiti.com\/french\/wp-json\/wp\/v2\/pages\/708\/revisions"}],"predecessor-version":[{"id":785,"href":"https:\/\/goodbyegraffiti.com\/french\/wp-json\/wp\/v2\/pages\/708\/revisions\/785"}],"wp:attachment":[{"href":"https:\/\/goodbyegraffiti.com\/french\/wp-json\/wp\/v2\/media?parent=708"}],"curies":[{"name":"wp","href":"https:\/\/api.w.org\/{rel}","templated":true}]}}