{"id":713,"date":"2015-12-08T12:37:04","date_gmt":"2015-12-08T20:37:04","guid":{"rendered":"http:\/\/goodbyegraffiti.com\/french\/?page_id=713"},"modified":"2023-08-14T09:57:08","modified_gmt":"2023-08-14T16:57:08","slug":"report-graffiti","status":"publish","type":"page","link":"https:\/\/goodbyegraffiti.com\/french\/report-graffiti\/","title":{"rendered":"Signaler un graffiti"},"content":{"rendered":"<article  class='iconbox iconbox_top av-21umfd-6f187429ba6033db3e4f477e5aed86f7  avia-builder-el-0  el_before_av_textblock  avia-builder-el-first  main_color'  itemscope=\"itemscope\" itemtype=\"https:\/\/schema.org\/CreativeWork\" ><div class=\"iconbox_content\"><header class=\"entry-content-header\"><div class=\"iconbox_icon heading-color\" aria-hidden='true' data-av_icon='\ue8d2' data-av_iconfont='entypo-fontello'><\/div><h3 class='iconbox_content_title '  itemprop=\"headline\" >Signaler un graffiti<\/h3><\/header><div class='iconbox_content_container '  itemprop=\"text\" ><\/div><\/div><footer class=\"entry-footer\"><\/footer><\/article>\n<section  class='av_textblock_section av-1x78yp-db83abe184bf232db533a39b3d343527 '   itemscope=\"itemscope\" itemtype=\"https:\/\/schema.org\/CreativeWork\" ><div class='avia_textblock'  itemprop=\"text\" ><p><span style=\"font-size: 12pt;\"><span class=\"TextRun SCX219916426\" xml:lang=\"FR-FR\"><span class=\"NormalTextRun SCX219916426\">Veuillez<\/span> <\/span><span class=\"TextRun SCX219916426\" xml:lang=\"FR-FR\"><span class=\"NormalTextRun SCX219916426\">remplir<\/span><\/span><span class=\"TextRun SCX219916426\" xml:lang=\"FR-FR\"> <span class=\"NormalTextRun SCX219916426\">ce<\/span> <span class=\"NormalTextRun SCX219916426\">formulaire<\/span><span class=\"NormalTextRun SCX219916426\">\u00a0de <\/span><span class=\"NormalTextRun SCX219916426\">fa\u00e7on<\/span> <span class=\"NormalTextRun SCX219916426\">claire<\/span><span class=\"NormalTextRun SCX219916426\"> et <\/span><span class=\"NormalTextRun SCX219916426\">pr\u00e9cise<\/span><span class=\"NormalTextRun SCX219916426\"> pour nous signaler un graffiti.<\/span><\/span><\/span><\/p>\n<\/div><\/section>\n<form action=\"https:\/\/goodbyegraffiti.com\/french\/report-graffiti\/\" method=\"post\" data-fields-with-error=\"Found errors in the following field(s):\" class=\"avia_ajax_form av-form-labels-visible   avia-builder-el-2  el_after_av_textblock  avia-builder-el-last   \" data-avia-form-id=\"1\" data-avia-redirect='' ><fieldset><p class='  first_form  form_element form_fullwidth' id='element_avia_1_1'><label for=\"avia_1_1\">Choisir une localit\u00e9 : <abbr class=\"required\" title=\"required\">*<\/abbr><\/label><select  name=\"avia_1_1\" class=\"select is_empty\" id=\"avia_1_1\"><option   value='Burnaby'>Burnaby<\/option><option   value='Calgary'>Calgary<\/option><option   value='Edmonton'>Edmonton<\/option><option   value='Hamilton'>Hamilton<\/option><option   value='London'>London<\/option><option   value='Montreal'>Montreal<\/option><option   value='New Westminster'>New Westminster<\/option><option   value='North Shore'>North Shore<\/option><option   value='Orkanagan'>Orkanagan<\/option><option   value='Ottawa'>Ottawa<\/option><option   value='Seattle'>Seattle<\/option><option   value='Surrey'>Surrey<\/option><option   value='Toronto'>Toronto<\/option><option   value='Vancouver'>Vancouver<\/option><option   value='Victoria'>Victoria<\/option><\/select><\/p><p class='  first_form  form_element form_fullwidth' id='element_avia_2_1'><label for=\"avia_2_1\">Nom complet : <abbr class=\"required\" title=\"required\">*<\/abbr><\/label> <input name=\"avia_2_1\" class=\"text_input is_empty\" type=\"text\" id=\"avia_2_1\" value=\"\" \/><\/p><p class='  first_form  form_element form_fullwidth' id='element_avia_3_1'><label for=\"avia_3_1\">Adresse du graffiti : <abbr class=\"required\" title=\"required\">*<\/abbr><\/label> <input name=\"avia_3_1\" class=\"text_input is_empty\" type=\"text\" id=\"avia_3_1\" value=\"\" \/><\/p><p class='  first_form  form_element form_fullwidth' id='element_avia_4_1'><label for=\"avia_4_1\">Type de graffiti : <abbr class=\"required\" title=\"required\">*<\/abbr><\/label><select  name=\"avia_4_1\" class=\"select is_empty\" id=\"avia_4_1\"><option   value='Spray Paint'>Spray Paint<\/option><option   value='Ink Marker'>Ink Marker<\/option><option   value='Scratch on Window'>Scratch on Window<\/option><option   value='Acid etch on Windows'>Acid etch on Windows<\/option><option   value='Poster'>Poster<\/option><option   value='Stickers'>Stickers<\/option><\/select><\/p><p class='  first_form  form_element form_fullwidth' id='element_avia_5_1'><label for=\"avia_5_1\" class=\"textare_label hidden textare_label_avia_5_1\">Description du graffiti : <abbr class=\"required\" title=\"required\">*<\/abbr><\/label><textarea  name=\"avia_5_1\" class=\"text_area is_empty\" cols=\"40\" rows=\"7\" id=\"avia_5_1\" ><\/textarea><\/p><div id='avia_6_1' class='av-form-text'><p>\nJe confirme que les informations fournies sont compl\u00e8tes et correctes, et que j&#8217;autorise Goodbye Graffiti\u2122 Inc. \u00e0 me contacter \u00e0 propos de l&#8217;enl\u00e8vement du graffiti et de la demande ci-dessus.<\/p>\n<\/div><p class='  first_form  form_element form_fullwidth' id='element_avia_7_1'><input  name=\"avia_7_1\" class=\"input_checkbox \" type=\"checkbox\" id=\"avia_7_1\" value=\"true\"\/><label class=\"input_checkbox_label\" for=\"avia_7_1\">J\u2019accepte <\/label><\/p><p class='  first_form  form_element form_fullwidth' id='element_avia_8_1'><input  name=\"avia_8_1\" class=\"input_checkbox \" type=\"checkbox\" id=\"avia_8_1\" value=\"true\"\/><label class=\"input_checkbox_label\" for=\"avia_8_1\">Je n\u2019accepte pas<\/label><\/p><p class='  first_form  form_element form_fullwidth av-last-visible-form-element' id='element_avia_9_1'><label for=\"avia_9_1\">Adresse courriel : <abbr class=\"required\" title=\"required\">*<\/abbr><\/label> <input name=\"avia_9_1\" class=\"text_input is_email\" type=\"text\" id=\"avia_9_1\" value=\"\" \/><\/p><p class=\"hidden\"><input type=\"text\" name=\"avia_10_1\" class=\"hidden \" id=\"avia_10_1\" value=\"\" \/><\/p><p class=\"form_element \"><input type=\"hidden\" value=\"1\" name=\"avia_generated_form1\" \/><input type=\"submit\" value=\"Envoyer\" class=\"button\"  data-sending-label=\"Sending\"\/><\/p><\/fieldset><\/form><div id=\"ajaxresponse_1\" class=\"ajaxresponse ajaxresponse_1 hidden\"><\/div>\n","protected":false},"excerpt":{"rendered":"","protected":false},"author":1,"featured_media":0,"parent":0,"menu_order":0,"comment_status":"closed","ping_status":"closed","template":"","meta":[],"_links":{"self":[{"href":"https:\/\/goodbyegraffiti.com\/french\/wp-json\/wp\/v2\/pages\/713"}],"collection":[{"href":"https:\/\/goodbyegraffiti.com\/french\/wp-json\/wp\/v2\/pages"}],"about":[{"href":"https:\/\/goodbyegraffiti.com\/french\/wp-json\/wp\/v2\/types\/page"}],"author":[{"embeddable":true,"href":"https:\/\/goodbyegraffiti.com\/french\/wp-json\/wp\/v2\/users\/1"}],"replies":[{"embeddable":true,"href":"https:\/\/goodbyegraffiti.com\/french\/wp-json\/wp\/v2\/comments?post=713"}],"version-history":[{"count":9,"href":"https:\/\/goodbyegraffiti.com\/french\/wp-json\/wp\/v2\/pages\/713\/revisions"}],"predecessor-version":[{"id":810,"href":"https:\/\/goodbyegraffiti.com\/french\/wp-json\/wp\/v2\/pages\/713\/revisions\/810"}],"wp:attachment":[{"href":"https:\/\/goodbyegraffiti.com\/french\/wp-json\/wp\/v2\/media?parent=713"}],"curies":[{"name":"wp","href":"https:\/\/api.w.org\/{rel}","templated":true}]}}