{"id":795,"date":"2016-02-01T09:39:20","date_gmt":"2016-02-01T17:39:20","guid":{"rendered":"http:\/\/goodbyegraffiti.com\/french\/?page_id=795"},"modified":"2016-02-13T08:06:24","modified_gmt":"2016-02-13T16:06:24","slug":"nos-apps","status":"publish","type":"page","link":"https:\/\/goodbyegraffiti.com\/french\/nos-apps\/","title":{"rendered":"Nos Apps"},"content":{"rendered":"<article  class='iconbox iconbox_top av-av_icon_box-e1f32515f2599392e464d9542b2c5ad5  avia-builder-el-0  el_before_av_textblock  avia-builder-el-first  main_color'  itemscope=\"itemscope\" itemtype=\"https:\/\/schema.org\/CreativeWork\" ><div class=\"iconbox_content\"><header class=\"entry-content-header\"><div class=\"iconbox_icon heading-color\" aria-hidden='true' data-av_icon='\ue91c' data-av_iconfont='entypo-fontello'><\/div><h3 class='iconbox_content_title '  itemprop=\"headline\" >Estimations i-Goodbye<\/h3><\/header><div class='iconbox_content_container '  itemprop=\"text\" ><\/div><\/div><footer class=\"entry-footer\"><\/footer><\/article>\n<section  class='av_textblock_section av-av_textblock-0366cc7376be6c9e82a3e9cc8987b64f '   itemscope=\"itemscope\" itemtype=\"https:\/\/schema.org\/CreativeWork\" ><div class='avia_textblock'  itemprop=\"text\" ><p> <span style=\"font-size: 14pt;\">Estimations i-Goodbye est une des applications exclusives du groupe Goodbye Graffiti\u2122. Estimations i-Goodbye permet aux clients qui ont besoin de nos services de nous contacter via une application. L\u2019app vous permet de prendre une photo et d\u2019entrer vos coordonn\u00e9es et informations pour nous envoyer une requ\u00eate. Gr\u00e2ce \u00e0 cette app, vous pouvez demander une estimation gratuite en nous fournissant vos coordonn\u00e9es ou votre Num\u00e9ro d\u2019Achat de Commande ainsi que le Montant \u00e0 Ne Pas D\u00e9passer. Nous g\u00e9n\u00e8rerons ensuite une commande de travaux, assignerons une \u00e9quipe qui viendra enlever les graffitis, et vous enverrons une facture. Les demandes sont trait\u00e9es imm\u00e9diatement par votre distributeur local et un membre de notre \u00e9quipe vous contacte d\u00e8s que possible. i-Goodbye\u2122 peut \u00eatre t\u00e9l\u00e9charg\u00e9 gratuitement depuis Google Play ou l\u2019Apple Store. Il vous suffit de t\u00e9l\u00e9charger l\u2019application et de vous assurer que le service de g\u00e9olocalisation est autoris\u00e9 sur votre t\u00e9l\u00e9phone, et nos services vous seront ensuite \u00e0 port\u00e9e de la main.<\/span><\/p>\n<p><span style=\"font-size: 14pt;\">Estimations i-Goodbye\u2122 est l\u2019outil parfait pour votre personnel de maintenance. Au lieu de devoir minutieusement relever chaque graffiti, ils n\u2019ont plus qu\u2019\u00e0 cliquer et envoyer une demande. Vous serez ensuite contact\u00e9(e)(s) par un membre de notre \u00e9quipe et vous recevrez une estimation professionnelle d\u00e9taill\u00e9e ainsi que des photos digitales.<\/span><\/p>\n<p><span style=\"font-size: 14pt;\">\u00c9tape 1 : Ouvrez l\u2019App!<\/span><br \/> <span style=\"font-size: 14pt;\">\u00c9tape 2 : Appuyez pour Capturer &amp; Envoyer<\/span><br \/> <span style=\"font-size: 14pt;\">\u00c9tape 3 : Prenez votre photo<\/span><br \/> <span style=\"font-size: 14pt;\">\u00c9tape 4 : Entrez vos informations<\/span><br \/> <span style=\"font-size: 14pt;\">\u00c9tape 5 : Recevez vos estimations<\/span> <\/p>\n<\/div><\/section>\n<div  class='flex_column av-av_one_half-2a9015ff38129c418a3f2eafba3e9512 av_one_half  avia-builder-el-2  el_after_av_textblock  el_before_av_one_half  first flex_column_div  column-top-margin'     ><style type=\"text\/css\" data-created_by=\"avia_inline_auto\" id=\"style-css-av-av_image-ce257c9ad1e9ad15a844cb35518851ed\">\n.avia-image-container.av-av_image-ce257c9ad1e9ad15a844cb35518851ed img.avia_image{\nbox-shadow:none;\n}\n.avia-image-container.av-av_image-ce257c9ad1e9ad15a844cb35518851ed .av-image-caption-overlay-center{\ncolor:#ffffff;\n}\n<\/style>\n<div  class='avia-image-container av-av_image-ce257c9ad1e9ad15a844cb35518851ed av-styling- avia-align-center  avia-builder-el-3  avia-builder-el-no-sibling '   itemprop=\"image\" itemscope=\"itemscope\" itemtype=\"https:\/\/schema.org\/ImageObject\" ><div class=\"avia-image-container-inner\"><div class=\"avia-image-overlay-wrap\"><a href=\"https:\/\/play.google.com\/store\/apps\/details?id=com.igoodbye.french\" class='avia_image'  aria-label='googleplay'><img decoding=\"async\" class='wp-image-797 avia-img-lazy-loading-not-797 avia_image ' src=\"https:\/\/goodbyegraffiti.com\/french\/wp-content\/uploads\/2016\/02\/googleplay.png\" alt='' title='googleplay'  height=\"89\" width=\"300\"  itemprop=\"thumbnailUrl\"  \/><\/a><\/div><\/div><\/div><\/div>\n<div  class='flex_column av-av_one_half-52c89597409f646e66e7cc675a5d9b4a av_one_half  avia-builder-el-4  el_after_av_one_half  el_before_av_hr  flex_column_div  column-top-margin'     ><style type=\"text\/css\" data-created_by=\"avia_inline_auto\" id=\"style-css-av-av_image-093aa60ef76694d8c792960241190bdd\">\n.avia-image-container.av-av_image-093aa60ef76694d8c792960241190bdd img.avia_image{\nbox-shadow:none;\n}\n.avia-image-container.av-av_image-093aa60ef76694d8c792960241190bdd .av-image-caption-overlay-center{\ncolor:#ffffff;\n}\n<\/style>\n<div  class='avia-image-container av-av_image-093aa60ef76694d8c792960241190bdd av-styling- avia-align-center  avia-builder-el-5  avia-builder-el-no-sibling '   itemprop=\"image\" itemscope=\"itemscope\" itemtype=\"https:\/\/schema.org\/ImageObject\" ><div class=\"avia-image-container-inner\"><div class=\"avia-image-overlay-wrap\"><img decoding=\"async\" class='wp-image-796 avia-img-lazy-loading-not-796 avia_image ' src=\"https:\/\/goodbyegraffiti.com\/french\/wp-content\/uploads\/2016\/02\/appstore.png\" alt='' title='appstore'  height=\"89\" width=\"300\"  itemprop=\"thumbnailUrl\"  \/><\/div><\/div><\/div><\/div>\n\n<style type=\"text\/css\" data-created_by=\"avia_inline_auto\" id=\"style-css-av-av_hr-0688d0b0b6ed2f8b057db7a8270206df\">\n#top .hr.hr-invisible.av-av_hr-0688d0b0b6ed2f8b057db7a8270206df{\nheight:50px;\n}\n<\/style>\n<div  class='hr av-av_hr-0688d0b0b6ed2f8b057db7a8270206df hr-invisible  avia-builder-el-6  el_after_av_one_half  el_before_av_hr '><span class='hr-inner '><span class=\"hr-inner-style\"><\/span><\/span><\/div>\n<div  class='hr av-av_hr-bad5bc90bcef2f12297bff634a297b07 hr-short  avia-builder-el-7  el_after_av_hr  avia-builder-el-last  hr-center'><span class='hr-inner '><span class=\"hr-inner-style\"><\/span><\/span><\/div>\n","protected":false},"excerpt":{"rendered":"","protected":false},"author":1,"featured_media":0,"parent":0,"menu_order":0,"comment_status":"closed","ping_status":"closed","template":"","meta":[],"_links":{"self":[{"href":"https:\/\/goodbyegraffiti.com\/french\/wp-json\/wp\/v2\/pages\/795"}],"collection":[{"href":"https:\/\/goodbyegraffiti.com\/french\/wp-json\/wp\/v2\/pages"}],"about":[{"href":"https:\/\/goodbyegraffiti.com\/french\/wp-json\/wp\/v2\/types\/page"}],"author":[{"embeddable":true,"href":"https:\/\/goodbyegraffiti.com\/french\/wp-json\/wp\/v2\/users\/1"}],"replies":[{"embeddable":true,"href":"https:\/\/goodbyegraffiti.com\/french\/wp-json\/wp\/v2\/comments?post=795"}],"version-history":[{"count":3,"href":"https:\/\/goodbyegraffiti.com\/french\/wp-json\/wp\/v2\/pages\/795\/revisions"}],"predecessor-version":[{"id":800,"href":"https:\/\/goodbyegraffiti.com\/french\/wp-json\/wp\/v2\/pages\/795\/revisions\/800"}],"wp:attachment":[{"href":"https:\/\/goodbyegraffiti.com\/french\/wp-json\/wp\/v2\/media?parent=795"}],"curies":[{"name":"wp","href":"https:\/\/api.w.org\/{rel}","templated":true}]}}